{"id":281,"date":"2018-03-14T20:25:37","date_gmt":"2018-03-14T20:25:37","guid":{"rendered":"http:\/\/www.praxis-kathleen-seibel.de\/?page_id=281"},"modified":"2020-06-18T08:11:54","modified_gmt":"2020-06-18T08:11:54","slug":"energetisches-heilen","status":"publish","type":"page","link":"https:\/\/www.praxis-kathleen-seibel.de\/?page_id=281","title":{"rendered":"Frequenzheilung"},"content":{"rendered":"<p>[et_pb_section fb_built=&#8220;1&#8243; fullwidth=&#8220;on&#8220; _builder_version=&#8220;3.0.89&#8243;][et_pb_fullwidth_slider _builder_version=&#8220;3.0.89&#8243; header_font=&#8220;||||||||&#8220;][et_pb_slide heading=&#8220;Frequenzheilung&#8220; _builder_version=&#8220;3.0.89&#8243; header_font=&#8220;Great Vibes|700|||||||&#8220; header_text_align=&#8220;left&#8220; header_font_size=&#8220;80px&#8220; background_image=&#8220;https:\/\/www.praxis-kathleen-seibel.de\/wp-content\/uploads\/2020\/05\/KS_slider1-1024x497_V4.jpg&#8220;][\/et_pb_slide][\/et_pb_fullwidth_slider][\/et_pb_section][et_pb_section fb_built=&#8220;1&#8243; _builder_version=&#8220;3.0.89&#8243; background_image=&#8220;https:\/\/www.praxis-kathleen-seibel.de\/wp-content\/uploads\/2018\/03\/iStock-654098694_2.jpg&#8220;][et_pb_row _builder_version=&#8220;3.0.89&#8243;][et_pb_column type=&#8220;2_3&#8243; _builder_version=&#8220;3.0.89&#8243; parallax=&#8220;off&#8220; parallax_method=&#8220;on&#8220;][et_pb_text _builder_version=&#8220;3.0.89&#8243; text_font=&#8220;Amiko||||||||&#8220;]<\/p>\n<p><span style=\"font-size: xx-large;\">Frequenzheilung<\/span><\/p>\n<p><span style=\"color: #666666;\">&nbsp;<\/span><\/p>\n<p><strong><span style=\"color: #666666; font-size: large;\">Verbindung mit dem reinen Ursprung<\/span><\/strong><\/p>\n<p><span style=\"color: #666666; font-size: large;\">W\u00e4hrend der Session wirst du verbunden mit deinem K\u00f6rper, deinen Emotionen und der reinen Ursprungsquelle &#8211; im Hier und Jetzt.<br \/>\nIm pr\u00e4senten Moment kann <strong>Heilung und Transformation<\/strong> geschehen.<br \/>\nAufmerksame Wahrnehmung, das bewertungsfreie F\u00fchlen dessen was ist, wird erm\u00f6glicht. Ich halte f\u00fcr dich den Raum, durch meine <strong>Verbindung zur reinen Quelle<\/strong>. Die Seelenenergie kann wieder frei flie\u00dfen. <\/span><span style=\"color: #666666; font-size: large;\"><strong>K\u00f6rperliche und emotionale Erleichterung<\/strong> folgen. Neue Inspirationen und pers\u00f6nliche Entwicklung sind m\u00f6glich.<\/span><\/p>\n<p><span style=\"color: #666666; font-size: large;\"><em>\u201eVer\u00e4ndert sich deine Frequenz, ver\u00e4ndert sich dein Leben.\u201c<\/em> <\/span><span style=\"color: #666666; font-size: large;\">Karin H\u00e4mmerle<\/span><\/p>\n<p><span style=\"color: #666666; font-size: large;\">Eine Frequenzheilungssession ist besonders f\u00fcr diejenigen geeignet, die <strong>schnelle Ver\u00e4nderungen und Erfolge<\/strong> w\u00fcnschen.<\/span><\/p>\n<p>[\/et_pb_text][\/et_pb_column][et_pb_column type=&#8220;1_3&#8243; _builder_version=&#8220;3.0.89&#8243; parallax=&#8220;off&#8220; parallax_method=&#8220;on&#8220;][et_pb_gallery gallery_ids=&#8220;384,385,386&#8243; gallery_captions=&#8220;,,&#8220; fullwidth=&#8220;on&#8220; _builder_version=&#8220;3.0.89&#8243; animation_style=&#8220;fade&#8220; auto=&#8220;on&#8220; auto_speed=&#8220;4000&#8243;][\/et_pb_gallery][\/et_pb_column][\/et_pb_row][et_pb_row _builder_version=&#8220;3.0.89&#8243;][et_pb_column type=&#8220;4_4&#8243; _builder_version=&#8220;3.0.89&#8243; parallax=&#8220;off&#8220; parallax_method=&#8220;on&#8220;][et_pb_image src=&#8220;https:\/\/www.praxis-kathleen-seibel.de\/wp-content\/uploads\/2018\/03\/heil_slider.jpg&#8220; _builder_version=&#8220;3.0.89&#8243;][\/et_pb_image][\/et_pb_column][\/et_pb_row][\/et_pb_section]<\/p>\n","protected":false},"excerpt":{"rendered":"<p>[et_pb_section fb_built=&#8220;1&#8243; fullwidth=&#8220;on&#8220; _builder_version=&#8220;3.0.89&#8243;][et_pb_fullwidth_slider _builder_version=&#8220;3.0.89&#8243; header_font=&#8220;||||||||&#8220;][et_pb_slide heading=&#8220;Frequenzheilung&#8220; _builder_version=&#8220;3.0.89&#8243; header_font=&#8220;Great Vibes|700|||||||&#8220; header_text_align=&#8220;left&#8220; header_font_size=&#8220;80px&#8220; background_image=&#8220;https:\/\/www.praxis-kathleen-seibel.de\/wp-content\/uploads\/2020\/05\/KS_slider1-1024x497_V4.jpg&#8220;][\/et_pb_slide][\/et_pb_fullwidth_slider][\/et_pb_section][et_pb_section fb_built=&#8220;1&#8243; _builder_version=&#8220;3.0.89&#8243; background_image=&#8220;https:\/\/www.praxis-kathleen-seibel.de\/wp-content\/uploads\/2018\/03\/iStock-654098694_2.jpg&#8220;][et_pb_row _builder_version=&#8220;3.0.89&#8243;][et_pb_column type=&#8220;2_3&#8243; _builder_version=&#8220;3.0.89&#8243; parallax=&#8220;off&#8220; parallax_method=&#8220;on&#8220;][et_pb_text _builder_version=&#8220;3.0.89&#8243; text_font=&#8220;Amiko||||||||&#8220;] Frequenzheilung &nbsp; Verbindung mit dem reinen Ursprung W\u00e4hrend der Session wirst du verbunden mit deinem K\u00f6rper, deinen Emotionen und der reinen Ursprungsquelle &#8211; im Hier und Jetzt. Im pr\u00e4senten Moment kann Heilung [&hellip;]<\/p>\n","protected":false},"author":1,"featured_media":0,"parent":0,"menu_order":0,"comment_status":"closed","ping_status":"closed","template":"","meta":{"footnotes":""},"class_list":["post-281","page","type-page","status-publish","hentry"],"_links":{"self":[{"href":"https:\/\/www.praxis-kathleen-seibel.de\/index.php?rest_route=\/wp\/v2\/pages\/281","targetHints":{"allow":["GET"]}}],"collection":[{"href":"https:\/\/www.praxis-kathleen-seibel.de\/index.php?rest_route=\/wp\/v2\/pages"}],"about":[{"href":"https:\/\/www.praxis-kathleen-seibel.de\/index.php?rest_route=\/wp\/v2\/types\/page"}],"author":[{"embeddable":true,"href":"https:\/\/www.praxis-kathleen-seibel.de\/index.php?rest_route=\/wp\/v2\/users\/1"}],"replies":[{"embeddable":true,"href":"https:\/\/www.praxis-kathleen-seibel.de\/index.php?rest_route=%2Fwp%2Fv2%2Fcomments&post=281"}],"version-history":[{"count":60,"href":"https:\/\/www.praxis-kathleen-seibel.de\/index.php?rest_route=\/wp\/v2\/pages\/281\/revisions"}],"predecessor-version":[{"id":1323,"href":"https:\/\/www.praxis-kathleen-seibel.de\/index.php?rest_route=\/wp\/v2\/pages\/281\/revisions\/1323"}],"wp:attachment":[{"href":"https:\/\/www.praxis-kathleen-seibel.de\/index.php?rest_route=%2Fwp%2Fv2%2Fmedia&parent=281"}],"curies":[{"name":"wp","href":"https:\/\/api.w.org\/{rel}","templated":true}]}}