{"id":541,"date":"2019-01-19T13:39:38","date_gmt":"2019-01-19T13:39:38","guid":{"rendered":"http:\/\/www.praxis-kathleen-seibel.de\/?page_id=541"},"modified":"2019-07-22T20:20:16","modified_gmt":"2019-07-22T20:20:16","slug":"microdermabrasion","status":"publish","type":"page","link":"https:\/\/www.praxis-kathleen-seibel.de\/?page_id=541","title":{"rendered":"Microdermabrasion"},"content":{"rendered":"<p>[et_pb_section fb_built=&#8220;1&#8243; admin_label=&#8220;section&#8220; _builder_version=&#8220;3.0.47&#8243;][et_pb_row custom_padding=&#8220;30px|0px|30px|0px&#8220; admin_label=&#8220;row&#8220; _builder_version=&#8220;3.0.47&#8243; background_size=&#8220;initial&#8220; background_position=&#8220;top_left&#8220; background_repeat=&#8220;repeat&#8220;][et_pb_column type=&#8220;4_4&#8243; _builder_version=&#8220;3.0.47&#8243; parallax=&#8220;off&#8220; parallax_method=&#8220;on&#8220;][et_pb_text admin_label=&#8220;Text&#8220; _builder_version=&#8220;3.0.89&#8243; background_size=&#8220;initial&#8220; background_position=&#8220;top_left&#8220; background_repeat=&#8220;repeat&#8220; max_width=&#8220;60%&#8220;]<\/p>\n<h4>KOSMETISCHE BEHANDLUNGEN<\/h4>\n<p><span style=\"font-size: xx-large;\">Hautverj\u00fcngung durch Zellerneuerung<\/span><\/p>\n<p>&nbsp;<\/p>\n<p><span style=\"color: #666666; font-size: large;\"><\/span><\/p>\n<p><span style=\"color: #666666; font-size: large;\">Bei der <strong>DiamantMicroDermabrasion<\/strong> erfolgt eine Abtragung des abgestorbenen Zellmaterials unter Verwendung von <strong>Diamantaufs\u00e4tzen.<\/strong><\/span><\/p>\n<p><span style=\"color: #666666;\"><span style=\"font-size: large;\">Die Behandlung mit Diamanten kann f\u00fcr unterschiedliche Hautareale wie z.B. Gesicht, Hals, Dekollet\u00e9 und K\u00f6rper angewendet werden.<\/span><\/span> <span style=\"font-size: large; color: #666666;\">Die Wirkung ist schon <strong>nach der ersten Behandlung<\/strong> f\u00fchl- und sichtbar.<\/span> <span style=\"font-size: large; color: #666666;\">Die Haut sieht:<\/span><\/p>\n<ul>\n<li>\u00a0<span style=\"font-size: large; color: #666666;\">j\u00fcnger, ges\u00fcnder und ebenm\u00e4\u00dfiger aus<\/span><\/li>\n<li><span style=\"color: #666666;\"><span style=\"font-size: large;\">die Faltentiefe verringert sich, es wird eine <strong>Verbesserung der Elastizit\u00e4t<\/strong> erreicht, die Poren <strong>verfeinern<\/strong> sich und das Hautbild erscheint <strong>frischer<\/strong><\/span><span style=\"font-size: large;\"><strong><\/strong><\/span><\/span><span style=\"color: #666666;\"><span style=\"font-size: large;\"><strong><\/strong><\/span><\/span><\/li>\n<\/ul>\n<p><span style=\"font-size: large; color: #666666;\">Die Haut ist nach der Behandlung <strong>besonders aufnahmebereit<\/strong> f\u00fcr Wirkstoffe! Deshalb sollte diese Behandlung unbedingt mit entsprechender Intensivpflege erg\u00e4nzt werden.<\/span> <\/p>\n<p><span style=\"font-size: large; color: #666666;\"><strong><\/strong><\/span><\/p>\n<p><span style=\"font-size: large; color: #666666;\"><strong><img decoding=\"async\" src=\"https:\/\/www.praxis-kathleen-seibel.de\/wp-content\/uploads\/2019\/06\/VorherNachher02.jpg\" \/><\/strong><\/span><\/p>\n<p><span style=\"font-size: large; color: #666666;\"><strong>Indikation:<\/strong><\/span><\/p>\n<ul>\n<li><span style=\"font-size: large; color: #666666;\">Narbenbehandlung, Dehnungsstreifen, Pigmenst\u00f6rungen<\/span><\/li>\n<li><span style=\"font-size: large; color: #666666;\">unreine, fettige Haut<\/span><\/li>\n<li><span style=\"font-size: large; color: #666666;\">Akne und Aknenarben<\/span><\/li>\n<li><span style=\"font-size: large; color: #666666;\">m\u00fcde, schlaffe Haut<\/span><\/li>\n<li><span style=\"font-size: large; color: #666666;\">Falten und F\u00e4ltchen<\/span><\/li>\n<li><span style=\"font-size: large; color: #666666;\">Halsfalten<\/span><\/li>\n<li><span style=\"font-size: large; color: #666666;\">gro\u00dfsporige Haut<\/span><\/li>\n<\/ul>\n<p>&nbsp;<\/p>\n<p><span style=\"font-size: x-large;\"><strong><\/strong><\/span><\/p>\n<p>[\/et_pb_text][\/et_pb_column][\/et_pb_row][\/et_pb_section]<\/p>\n","protected":false},"excerpt":{"rendered":"<p>[et_pb_section fb_built=&#8220;1&#8243; admin_label=&#8220;section&#8220; _builder_version=&#8220;3.0.47&#8243;][et_pb_row custom_padding=&#8220;30px|0px|30px|0px&#8220; admin_label=&#8220;row&#8220; _builder_version=&#8220;3.0.47&#8243; background_size=&#8220;initial&#8220; background_position=&#8220;top_left&#8220; background_repeat=&#8220;repeat&#8220;][et_pb_column type=&#8220;4_4&#8243; _builder_version=&#8220;3.0.47&#8243; parallax=&#8220;off&#8220; parallax_method=&#8220;on&#8220;][et_pb_text admin_label=&#8220;Text&#8220; _builder_version=&#8220;3.0.89&#8243; background_size=&#8220;initial&#8220; background_position=&#8220;top_left&#8220; background_repeat=&#8220;repeat&#8220; max_width=&#8220;60%&#8220;] KOSMETISCHE BEHANDLUNGEN Hautverj\u00fcngung durch Zellerneuerung &nbsp; Bei der DiamantMicroDermabrasion erfolgt eine Abtragung des abgestorbenen Zellmaterials unter Verwendung von Diamantaufs\u00e4tzen. Die Behandlung mit Diamanten kann f\u00fcr unterschiedliche Hautareale wie z.B. Gesicht, Hals, Dekollet\u00e9 und K\u00f6rper angewendet [&hellip;]<\/p>\n","protected":false},"author":1,"featured_media":0,"parent":0,"menu_order":0,"comment_status":"closed","ping_status":"closed","template":"","meta":{"footnotes":""},"class_list":["post-541","page","type-page","status-publish","hentry"],"_links":{"self":[{"href":"https:\/\/www.praxis-kathleen-seibel.de\/index.php?rest_route=\/wp\/v2\/pages\/541","targetHints":{"allow":["GET"]}}],"collection":[{"href":"https:\/\/www.praxis-kathleen-seibel.de\/index.php?rest_route=\/wp\/v2\/pages"}],"about":[{"href":"https:\/\/www.praxis-kathleen-seibel.de\/index.php?rest_route=\/wp\/v2\/types\/page"}],"author":[{"embeddable":true,"href":"https:\/\/www.praxis-kathleen-seibel.de\/index.php?rest_route=\/wp\/v2\/users\/1"}],"replies":[{"embeddable":true,"href":"https:\/\/www.praxis-kathleen-seibel.de\/index.php?rest_route=%2Fwp%2Fv2%2Fcomments&post=541"}],"version-history":[{"count":12,"href":"https:\/\/www.praxis-kathleen-seibel.de\/index.php?rest_route=\/wp\/v2\/pages\/541\/revisions"}],"predecessor-version":[{"id":1091,"href":"https:\/\/www.praxis-kathleen-seibel.de\/index.php?rest_route=\/wp\/v2\/pages\/541\/revisions\/1091"}],"wp:attachment":[{"href":"https:\/\/www.praxis-kathleen-seibel.de\/index.php?rest_route=%2Fwp%2Fv2%2Fmedia&parent=541"}],"curies":[{"name":"wp","href":"https:\/\/api.w.org\/{rel}","templated":true}]}}