{"id":545,"date":"2019-01-19T13:40:44","date_gmt":"2019-01-19T13:40:44","guid":{"rendered":"http:\/\/www.praxis-kathleen-seibel.de\/?page_id=545"},"modified":"2019-07-22T19:00:03","modified_gmt":"2019-07-22T19:00:03","slug":"ppt-schroepfen","status":"publish","type":"page","link":"https:\/\/www.praxis-kathleen-seibel.de\/?page_id=545","title":{"rendered":"PPT-Schr\u00f6pfen"},"content":{"rendered":"<p>[et_pb_section fb_built=&#8220;1&#8243; admin_label=&#8220;section&#8220; _builder_version=&#8220;3.0.47&#8243;][et_pb_row _builder_version=&#8220;3.0.89&#8243;][et_pb_column type=&#8220;4_4&#8243; _builder_version=&#8220;3.0.89&#8243; parallax=&#8220;off&#8220; parallax_method=&#8220;on&#8220;][et_pb_text _builder_version=&#8220;3.0.89&#8243;]<\/p>\n<h4>KOSMETISCHE BEHANDLUNGEN<\/h4>\n<p><span style=\"font-size: xx-large;\">&#8222;Mit dem Pflug durch das Gewebe&#8220;<\/span><\/p>\n<p>&nbsp;<\/p>\n<p><span style=\"font-size: large; color: #666666;\">Die <strong>Pneumatische Pulsationsmassage<\/strong> ist eine Saugwellenmassage die auf dem Prinzip des Schr\u00f6pfens beruht. <\/span><span style=\"font-size: large; color: #666666;\">Durch die <strong>pulsierende Wechselwirkung<\/strong> von Druck und Unterdruck wird das Gewebe von innen nach au\u00dfen in <strong>Schwingung<\/strong> gebracht. <\/span><span style=\"font-size: large; color: #666666;\">Die tiefer gelegenen Schichten des Unterhautfettgewebes werden nebenwirkungsfrei stimuliert.<\/span>\u00a0<\/p>\n<p><span style=\"font-size: large; color: #666666;\"><\/span><\/p>\n<ul>\n<li><span style=\"font-size: large; color: #666666;\">Verbesserung der <strong>Zirkulation<\/strong> des Blutstromes und der <strong>Lymphbahnen<\/strong> in der Haut<\/span><\/li>\n<li><span style=\"font-size: large; color: #666666;\">Stoffwechselschlacke und Schadstoffe l\u00f6sen sich aus dem Gewebe<\/span><\/li>\n<li><span style=\"font-size: large; color: #666666;\">St\u00e4rkung und <strong>Straffung des Gewebes<\/strong>, Narbenbehandlung, Cellulite<\/span><\/li>\n<li><span style=\"font-size: large; color: #666666;\">Faltengl\u00e4ttung, Akne, Tr\u00e4nens\u00e4cke, Anregung der Kopfhautfunktion (Haarausfall, Schuppenbildung, schlechte Haarqualit\u00e4t)<\/span><\/li>\n<li><span style=\"font-size: large; color: #666666;\">Sehr positive Wirkung bei <strong>exogener Depression<\/strong>, <strong>Vegetativen St\u00f6rungen<\/strong>, physischem und psychischem <strong>Stress<\/strong><\/span><\/li>\n<li><span style=\"font-size: large; color: #666666;\">ausgleichen bei hyperaktiven Kindern, <strong>Schlafst\u00f6rungen<\/strong> und Organneurosen<\/span><\/li>\n<\/ul>\n<p>[\/et_pb_text][et_pb_gallery gallery_ids=&#8220;342,365&#8243; gallery_captions=&#8220;,&#8220; fullwidth=&#8220;on&#8220; _builder_version=&#8220;3.0.89&#8243; custom_margin=&#8220;50px|||&#8220;][\/et_pb_gallery][\/et_pb_column][\/et_pb_row][\/et_pb_section]<\/p>\n","protected":false},"excerpt":{"rendered":"<p>[et_pb_section fb_built=&#8220;1&#8243; admin_label=&#8220;section&#8220; _builder_version=&#8220;3.0.47&#8243;][et_pb_row _builder_version=&#8220;3.0.89&#8243;][et_pb_column type=&#8220;4_4&#8243; _builder_version=&#8220;3.0.89&#8243; parallax=&#8220;off&#8220; parallax_method=&#8220;on&#8220;][et_pb_text _builder_version=&#8220;3.0.89&#8243;] KOSMETISCHE BEHANDLUNGEN &#8222;Mit dem Pflug durch das Gewebe&#8220; &nbsp; Die Pneumatische Pulsationsmassage ist eine Saugwellenmassage die auf dem Prinzip des Schr\u00f6pfens beruht. Durch die pulsierende Wechselwirkung von Druck und Unterdruck wird das Gewebe von innen nach au\u00dfen in Schwingung gebracht. Die tiefer gelegenen Schichten des [&hellip;]<\/p>\n","protected":false},"author":1,"featured_media":0,"parent":0,"menu_order":0,"comment_status":"closed","ping_status":"closed","template":"","meta":{"footnotes":""},"class_list":["post-545","page","type-page","status-publish","hentry"],"_links":{"self":[{"href":"https:\/\/www.praxis-kathleen-seibel.de\/index.php?rest_route=\/wp\/v2\/pages\/545","targetHints":{"allow":["GET"]}}],"collection":[{"href":"https:\/\/www.praxis-kathleen-seibel.de\/index.php?rest_route=\/wp\/v2\/pages"}],"about":[{"href":"https:\/\/www.praxis-kathleen-seibel.de\/index.php?rest_route=\/wp\/v2\/types\/page"}],"author":[{"embeddable":true,"href":"https:\/\/www.praxis-kathleen-seibel.de\/index.php?rest_route=\/wp\/v2\/users\/1"}],"replies":[{"embeddable":true,"href":"https:\/\/www.praxis-kathleen-seibel.de\/index.php?rest_route=%2Fwp%2Fv2%2Fcomments&post=545"}],"version-history":[{"count":11,"href":"https:\/\/www.praxis-kathleen-seibel.de\/index.php?rest_route=\/wp\/v2\/pages\/545\/revisions"}],"predecessor-version":[{"id":1032,"href":"https:\/\/www.praxis-kathleen-seibel.de\/index.php?rest_route=\/wp\/v2\/pages\/545\/revisions\/1032"}],"wp:attachment":[{"href":"https:\/\/www.praxis-kathleen-seibel.de\/index.php?rest_route=%2Fwp%2Fv2%2Fmedia&parent=545"}],"curies":[{"name":"wp","href":"https:\/\/api.w.org\/{rel}","templated":true}]}}