{"id":565,"date":"2019-01-19T13:51:06","date_gmt":"2019-01-19T13:51:06","guid":{"rendered":"http:\/\/www.praxis-kathleen-seibel.de\/?page_id=565"},"modified":"2020-04-26T16:42:20","modified_gmt":"2020-04-26T16:42:20","slug":"derma-rugal-jetting","status":"publish","type":"page","link":"https:\/\/www.praxis-kathleen-seibel.de\/?page_id=565","title":{"rendered":"Derma Rugal Jetting"},"content":{"rendered":"<p>[et_pb_section fb_built=&#8220;1&#8243; admin_label=&#8220;section&#8220; _builder_version=&#8220;3.0.47&#8243;][et_pb_row admin_label=&#8220;row&#8220; _builder_version=&#8220;3.0.47&#8243; background_size=&#8220;initial&#8220; background_position=&#8220;top_left&#8220; background_repeat=&#8220;repeat&#8220;][et_pb_column type=&#8220;4_4&#8243; _builder_version=&#8220;3.0.47&#8243; parallax=&#8220;off&#8220; parallax_method=&#8220;on&#8220;][et_pb_text admin_label=&#8220;Text&#8220; _builder_version=&#8220;3.0.47&#8243; background_size=&#8220;initial&#8220; background_position=&#8220;top_left&#8220; background_repeat=&#8220;repeat&#8220;]<\/p>\n<h4>MEDICAL BEAUTY<\/h4>\n<p><span style=\"font-size: xx-large;\">Derma Ruga Jetting<\/span><\/p>\n<p><span style=\"font-size: large;\"><strong>Faltenhebung rein biologisch<\/strong><\/span><\/p>\n<p><span style=\"color: #666666;\"><span style=\"font-size: large;\">Das Prinzip beruht auf der Tatsache, dass die Haut in der Lage ist, <strong>sich selbst zu helfen<\/strong>. Sie muss nur gezielt stimuliert werden. <\/span><span style=\"font-size: large;\">Derma Ruga Jetting regt den Selbstregenerationsprozess der Haut in der Tiefe der Falten an und <strong>gl\u00e4ttet<\/strong> sie.<\/span><\/span><\/p>\n<p><span style=\"font-size: large; color: #666666;\">Diese Methode wurde von der Kosmetikerin Ursula Schneider und dem medizinischen Experten Dr. Thomas Wolf \u00fcber mehrere Jahre entwickelt und praktisch erprobt. Mit Hilfe des daf\u00fcr entwickelten Rugators wird <strong>streng intracutan<\/strong> gearbeitet und die Falte <strong>\u201e<\/strong><strong>gel\u00f6st\u201c<\/strong>. Durch diese intensive Tiefenstimulation in der Haut wird die Bildung von jungem Bindegewebe angeregt. Dies f\u00fchrt zu erh\u00f6htem Wasserbindungsverm\u00f6gen. <strong>Die Falte wird auf nat\u00fcrliche Weise aufgepolstert<\/strong>.<\/span><\/p>\n<p><span style=\"color: #666666;\"><span style=\"font-size: large;\">Es sind pro Faltenareal 3-5 Behandlungen in 2-4 w\u00f6chigem Abstand notwending. Der Gl\u00e4ttungseffekt betr\u00e4gt erfahrungsgem\u00e4\u00df <strong>2-4 Jahre<\/strong>. <\/span><span style=\"font-size: large;\">Dieser ist schon <strong>nach ein bis zwei Behandlungen sichtbar<\/strong>. Dabei kommt das Verfahren ganz <strong>ohne Fremdmittel<\/strong> wie z.B. bei Unterspritzungen aus. Keine Chemie, kein operatives Lifting.<\/span><\/span><\/p>\n<p><span style=\"color: #666666;\"><span style=\"font-size: large;\">Vereinbaren Sie einen <strong>kostenlosen Beratungstermin<\/strong>. <\/span><span style=\"font-size: large;\">Gern gehe ich speziell auf Ihren Hautzustand ein.<\/span><\/span><\/p>\n<p>[\/et_pb_text][\/et_pb_column][\/et_pb_row][\/et_pb_section]<\/p>\n","protected":false},"excerpt":{"rendered":"<p>[et_pb_section fb_built=&#8220;1&#8243; admin_label=&#8220;section&#8220; _builder_version=&#8220;3.0.47&#8243;][et_pb_row admin_label=&#8220;row&#8220; _builder_version=&#8220;3.0.47&#8243; background_size=&#8220;initial&#8220; background_position=&#8220;top_left&#8220; background_repeat=&#8220;repeat&#8220;][et_pb_column type=&#8220;4_4&#8243; _builder_version=&#8220;3.0.47&#8243; parallax=&#8220;off&#8220; parallax_method=&#8220;on&#8220;][et_pb_text admin_label=&#8220;Text&#8220; _builder_version=&#8220;3.0.47&#8243; background_size=&#8220;initial&#8220; background_position=&#8220;top_left&#8220; background_repeat=&#8220;repeat&#8220;] MEDICAL BEAUTY Derma Ruga Jetting Faltenhebung rein biologisch Das Prinzip beruht auf der Tatsache, dass die Haut in der Lage ist, sich selbst zu helfen. Sie muss nur gezielt stimuliert werden. Derma Ruga Jetting regt den Selbstregenerationsprozess [&hellip;]<\/p>\n","protected":false},"author":1,"featured_media":0,"parent":0,"menu_order":0,"comment_status":"closed","ping_status":"closed","template":"","meta":{"footnotes":""},"class_list":["post-565","page","type-page","status-publish","hentry"],"_links":{"self":[{"href":"https:\/\/www.praxis-kathleen-seibel.de\/index.php?rest_route=\/wp\/v2\/pages\/565","targetHints":{"allow":["GET"]}}],"collection":[{"href":"https:\/\/www.praxis-kathleen-seibel.de\/index.php?rest_route=\/wp\/v2\/pages"}],"about":[{"href":"https:\/\/www.praxis-kathleen-seibel.de\/index.php?rest_route=\/wp\/v2\/types\/page"}],"author":[{"embeddable":true,"href":"https:\/\/www.praxis-kathleen-seibel.de\/index.php?rest_route=\/wp\/v2\/users\/1"}],"replies":[{"embeddable":true,"href":"https:\/\/www.praxis-kathleen-seibel.de\/index.php?rest_route=%2Fwp%2Fv2%2Fcomments&post=565"}],"version-history":[{"count":9,"href":"https:\/\/www.praxis-kathleen-seibel.de\/index.php?rest_route=\/wp\/v2\/pages\/565\/revisions"}],"predecessor-version":[{"id":1218,"href":"https:\/\/www.praxis-kathleen-seibel.de\/index.php?rest_route=\/wp\/v2\/pages\/565\/revisions\/1218"}],"wp:attachment":[{"href":"https:\/\/www.praxis-kathleen-seibel.de\/index.php?rest_route=%2Fwp%2Fv2%2Fmedia&parent=565"}],"curies":[{"name":"wp","href":"https:\/\/api.w.org\/{rel}","templated":true}]}}