{"id":569,"date":"2019-01-19T13:52:01","date_gmt":"2019-01-19T13:52:01","guid":{"rendered":"http:\/\/www.praxis-kathleen-seibel.de\/?page_id=569"},"modified":"2020-04-26T16:49:15","modified_gmt":"2020-04-26T16:49:15","slug":"dermionologie-2","status":"publish","type":"page","link":"https:\/\/www.praxis-kathleen-seibel.de\/?page_id=569","title":{"rendered":"Dermionologie"},"content":{"rendered":"<p>[et_pb_section fb_built=&#8220;1&#8243; admin_label=&#8220;section&#8220; _builder_version=&#8220;3.0.47&#8243;][et_pb_row custom_padding=&#8220;27px|0px|45px|0px&#8220; admin_label=&#8220;row&#8220; _builder_version=&#8220;3.0.47&#8243; background_size=&#8220;initial&#8220; background_position=&#8220;top_left&#8220; background_repeat=&#8220;repeat&#8220;][et_pb_column type=&#8220;4_4&#8243; _builder_version=&#8220;3.0.47&#8243; parallax=&#8220;off&#8220; parallax_method=&#8220;on&#8220;][et_pb_text admin_label=&#8220;Text&#8220; _builder_version=&#8220;3.0.47&#8243; background_size=&#8220;initial&#8220; background_position=&#8220;top_left&#8220; background_repeat=&#8220;repeat&#8220;][\/et_pb_text][et_pb_text _builder_version=&#8220;3.0.89&#8243; max_width=&#8220;60%&#8220;]<\/p>\n<h4>MEDICAL BEAUTY<\/h4>\n<p><span style=\"font-size: xx-large;\">J\u00fcnger Aussehen! <\/span><span style=\"font-size: xx-large;\">Akkuwechsel f\u00fcr die Haut<\/span><\/p>\n<p><span style=\"font-size: large; color: #666666;\"><strong>Weltneuheit in Medical Beauty<\/strong><\/span><\/p>\n<p><span style=\"color: #666666;\"><span style=\"font-size: large;\">Unsere Haut ist in die Jahre gekommen. Das hinterl\u00e4sst Spuren. Die Haut wird faltig, d\u00fcnner und welk. Zeit den Akku zu wechseln. Eine <strong>innovative Methode<\/strong> auf Basis der Quantenphysik, hilft die Uhrzeit Ihrer Haut um Jahre zur\u00fcckzustellen: die <strong>Dermionologie<\/strong>.<\/span>\u00a0\u00a0\u00a0 <\/span><\/p>\n<p><span style=\"font-size: large; color: #666666;\">Geht es nach den Erkenntnissen der Quantenphysik, ist der Mensch ein elektrisches Wesen. Wir sind <strong>von Natur aus elektrisch positiv geladen<\/strong>. Und wir m\u00fcssen atmen, damit uns der Sauerstoff das <strong>ben\u00f6tigte elektrische Minus<\/strong> bringt. Erst so wird Leben und Stoffwechsel m\u00f6glich. Mit zunehmendem Alter brauchen unsere Organe jedoch <strong>mehr Energie<\/strong>, als unsere Lungen an den K\u00f6rper abgeben. Ursache ist die nat\u00fcrllich Degeneration. Bei der Verteilung der Energie entscheidet sich unser Organismus dann zuerst zugunsten unserer lebenswichtigen Organe: Herz, Milz, Leber usw. F\u00fcr die Haut bleibt oftmals <strong>nicht mehr gen\u00fcgend<\/strong> \u00fcbrig.<\/span><\/p>\n<p>[\/et_pb_text][\/et_pb_column][\/et_pb_row][et_pb_row custom_width_px=&#8220;2600px&#8220; custom_padding=&#8220;0px|0px|0px|0px&#8220; _builder_version=&#8220;3.0.89&#8243;][et_pb_column type=&#8220;4_4&#8243; _builder_version=&#8220;3.0.89&#8243; parallax=&#8220;off&#8220; parallax_method=&#8220;on&#8220;][et_pb_text _builder_version=&#8220;3.0.89&#8243; text_font=&#8220;||||||||&#8220;][\/et_pb_text][et_pb_video src=&#8220;https:\/\/www.praxis-kathleen-seibel.de\/wp-content\/uploads\/2018\/03\/WEYERGANS-TV-Dermio-Care\u00ae-Facial-dt.mp4&#8243; _builder_version=&#8220;3.0.89&#8243; max_width=&#8220;80%&#8220; module_alignment=&#8220;center&#8220; animation_style=&#8220;fade&#8220;][\/et_pb_video][\/et_pb_column][\/et_pb_row][et_pb_row custom_padding=&#8220;27px|0px|45px|0px&#8220; admin_label=&#8220;row&#8220; _builder_version=&#8220;3.0.47&#8243; background_size=&#8220;initial&#8220; background_position=&#8220;top_left&#8220; background_repeat=&#8220;repeat&#8220;][et_pb_column type=&#8220;4_4&#8243; _builder_version=&#8220;3.0.47&#8243; parallax=&#8220;off&#8220; parallax_method=&#8220;on&#8220;][et_pb_text admin_label=&#8220;Text&#8220; _builder_version=&#8220;3.0.47&#8243; background_size=&#8220;initial&#8220; background_position=&#8220;top_left&#8220; background_repeat=&#8220;repeat&#8220;][\/et_pb_text][et_pb_text _builder_version=&#8220;3.0.89&#8243; max_width=&#8220;60%&#8220;]<\/p>\n<p><span style=\"font-size: large; color: #666666;\"><strong>Hautalterung ist Energiemangel<\/strong><\/span><\/p>\n<p><span style=\"font-size: large; color: #666666;\">Das ist der Grund f\u00fcr vorzeitige Hautalterung: den Hautzellen fehlt die Energie f\u00fcr ausreichende Zellteilung und Regeneration. Hier setzt das <strong>innovative und<\/strong> <strong>patentierte Dermionologie-Verfahren<\/strong> an. Sie liegen ganz entspannt unter der Ionenhaube. Eine Anwendung dauert nur 30 Minuten. Die Ergebnisse k\u00f6nnen Sie h\u00e4ufig schon <strong>nach der ersten Anwendung<\/strong>\u00a0sp\u00fcren und sehen. Die Dermionologie hilft, die Uhrzeit Ihrer Haut zur\u00fcckstellen. Testen Sie es selbst! Wir empfehlen <strong>10 Behandlungen innerhalb 28 Tagen<\/strong>, um den Akku aller Zellen wieder zu laden.<\/span><\/p>\n<p>[\/et_pb_text][\/et_pb_column][\/et_pb_row][\/et_pb_section]<\/p>\n","protected":false},"excerpt":{"rendered":"<p>[et_pb_section fb_built=&#8220;1&#8243; admin_label=&#8220;section&#8220; _builder_version=&#8220;3.0.47&#8243;][et_pb_row custom_padding=&#8220;27px|0px|45px|0px&#8220; admin_label=&#8220;row&#8220; _builder_version=&#8220;3.0.47&#8243; background_size=&#8220;initial&#8220; background_position=&#8220;top_left&#8220; background_repeat=&#8220;repeat&#8220;][et_pb_column type=&#8220;4_4&#8243; _builder_version=&#8220;3.0.47&#8243; parallax=&#8220;off&#8220; parallax_method=&#8220;on&#8220;][et_pb_text admin_label=&#8220;Text&#8220; _builder_version=&#8220;3.0.47&#8243; background_size=&#8220;initial&#8220; background_position=&#8220;top_left&#8220; background_repeat=&#8220;repeat&#8220;][\/et_pb_text][et_pb_text _builder_version=&#8220;3.0.89&#8243; max_width=&#8220;60%&#8220;] MEDICAL BEAUTY J\u00fcnger Aussehen! Akkuwechsel f\u00fcr die Haut Weltneuheit in Medical Beauty Unsere Haut ist in die Jahre gekommen. Das hinterl\u00e4sst Spuren. Die Haut wird faltig, d\u00fcnner und welk. Zeit den Akku zu wechseln. [&hellip;]<\/p>\n","protected":false},"author":1,"featured_media":0,"parent":0,"menu_order":0,"comment_status":"closed","ping_status":"closed","template":"","meta":{"footnotes":""},"class_list":["post-569","page","type-page","status-publish","hentry"],"_links":{"self":[{"href":"https:\/\/www.praxis-kathleen-seibel.de\/index.php?rest_route=\/wp\/v2\/pages\/569","targetHints":{"allow":["GET"]}}],"collection":[{"href":"https:\/\/www.praxis-kathleen-seibel.de\/index.php?rest_route=\/wp\/v2\/pages"}],"about":[{"href":"https:\/\/www.praxis-kathleen-seibel.de\/index.php?rest_route=\/wp\/v2\/types\/page"}],"author":[{"embeddable":true,"href":"https:\/\/www.praxis-kathleen-seibel.de\/index.php?rest_route=\/wp\/v2\/users\/1"}],"replies":[{"embeddable":true,"href":"https:\/\/www.praxis-kathleen-seibel.de\/index.php?rest_route=%2Fwp%2Fv2%2Fcomments&post=569"}],"version-history":[{"count":11,"href":"https:\/\/www.praxis-kathleen-seibel.de\/index.php?rest_route=\/wp\/v2\/pages\/569\/revisions"}],"predecessor-version":[{"id":1219,"href":"https:\/\/www.praxis-kathleen-seibel.de\/index.php?rest_route=\/wp\/v2\/pages\/569\/revisions\/1219"}],"wp:attachment":[{"href":"https:\/\/www.praxis-kathleen-seibel.de\/index.php?rest_route=%2Fwp%2Fv2%2Fmedia&parent=569"}],"curies":[{"name":"wp","href":"https:\/\/api.w.org\/{rel}","templated":true}]}}