{"id":587,"date":"2019-01-19T13:57:46","date_gmt":"2019-01-19T13:57:46","guid":{"rendered":"http:\/\/www.praxis-kathleen-seibel.de\/?page_id=587"},"modified":"2020-04-26T17:18:22","modified_gmt":"2020-04-26T17:18:22","slug":"beratung-therapeutisches-coaching","status":"publish","type":"page","link":"https:\/\/www.praxis-kathleen-seibel.de\/?page_id=587","title":{"rendered":"Beratung, therapeutisches Coaching"},"content":{"rendered":"<p>[et_pb_section fb_built=&#8220;1&#8243; admin_label=&#8220;section&#8220; _builder_version=&#8220;3.0.47&#8243;][et_pb_row admin_label=&#8220;row&#8220; _builder_version=&#8220;3.0.47&#8243; background_size=&#8220;initial&#8220; background_position=&#8220;top_left&#8220; background_repeat=&#8220;repeat&#8220;][et_pb_column type=&#8220;4_4&#8243; _builder_version=&#8220;3.0.47&#8243; parallax=&#8220;off&#8220; parallax_method=&#8220;on&#8220;][et_pb_text admin_label=&#8220;Text&#8220; _builder_version=&#8220;3.0.47&#8243; background_size=&#8220;initial&#8220; background_position=&#8220;top_left&#8220; background_repeat=&#8220;repeat&#8220;]<\/p>\n<h4>ZEIT F\u00dcR DIE SEELE<\/h4>\n<p><span style=\"font-size: xx-large;\">Beratung &#8211; Therapeutisches Coaching &#8211; Prozessarbeit<\/span><\/p>\n<p><span style=\"font-size: large; color: #666666;\">Hektik und Stress geh\u00f6ren mittlerweile zu unserem Leben, ebenso wie Freude und Gl\u00fcck. Gute und auch schlechte Gef\u00fchle, k\u00f6nnen ein Schl\u00fcssel zum Unbewussten und zur Seele sein. Sie offenbaren was uns gut tut, fehlt, \u00fcberfordert oder eben auch schadet. Meine Arbeit entwickelte sich aus allen erlernten Methoden und erleben Einfl\u00fcssen der vergangenen 20 Jahre. Es handelt sich dabei um eine Synergie aus Bioenergie Therapie, Hypnotherapie, kreativer Trancearbeit, NLP, Psych-K, Lebensenergie- und Heilarbeit und den Erkenntnissen und Erfahrungen, die ich selbst im Laufe meines Lebens durch viele Heiler und Lehrer gewinnen durfte.<\/span><\/p>\n<p><span style=\"font-size: large; color: #666666;\"><strong>Wir betrachten gemeinsam Ihre momentane Lebenssituation, mit allen Konflikten, Schmerzen oder der Trauer, ebenso wie ihre wichtigsten Tr\u00e4ume und W\u00fcnsche.<\/strong><\/span><\/p>\n<p>[\/et_pb_text][et_pb_image src=&#8220;https:\/\/www.praxis-kathleen-seibel.de\/wp-content\/uploads\/2019\/02\/shutterstock_579670042.jpg&#8220; _builder_version=&#8220;3.0.89&#8243;][\/et_pb_image][\/et_pb_column][\/et_pb_row][et_pb_row admin_label=&#8220;row&#8220; _builder_version=&#8220;3.0.47&#8243; background_size=&#8220;initial&#8220; background_position=&#8220;top_left&#8220; background_repeat=&#8220;repeat&#8220;][et_pb_column type=&#8220;4_4&#8243; _builder_version=&#8220;3.0.47&#8243; parallax=&#8220;off&#8220; parallax_method=&#8220;on&#8220;][et_pb_text admin_label=&#8220;Text&#8220; _builder_version=&#8220;3.0.47&#8243; background_size=&#8220;initial&#8220; background_position=&#8220;top_left&#8220; background_repeat=&#8220;repeat&#8220;]<\/p>\n<p><span style=\"font-size: large; color: #666666;\"><strong>M\u00f6gliche Indikationen:<\/strong><\/span><\/p>\n<ul>\n<li><span style=\"font-size: large; color: #666666;\">Allgemeiner Stress<\/span><\/li>\n<li><span style=\"font-size: large; color: #666666;\">\u00c4ngste, Trauer<\/span><\/li>\n<li><span style=\"font-size: large; color: #666666;\">Trennung, Verlust<\/span><\/li>\n<li><span style=\"font-size: large; color: #666666;\">famili\u00e4re Konflikte, Beziehungsprobleme<\/span><\/li>\n<\/ul>\n<p><span style=\"font-size: large; color: #666666;\"><strong>Durch neue Sichtweisen er\u00f6ffnen sich Ihnen neue Handlungsm\u00f6glichtkeiten.<\/strong><\/span><\/p>\n<p><span style=\"font-size: large; color: #666666;\">Wir arbeiten mit Entspannung, Imagination, kinesiologischem Bodyfeedback. In einem entspannten Zustand stellen sich innere Bilder ein. Innere Bilder sind ein Medium, mit dessen Hilfe Kommunikation zwischen bewusstem Geist und K\u00f6rper stattfinden kann. Die Wissenschaft best\u00e4tigt, dass die Imagination als Verbindung zwischen bewusster Informationsverarbeitung und physiologischer K\u00f6rperver\u00e4nderung fungiert.<\/span><\/p>\n<p><span style=\"font-size: large; color: #666666;\">Ihre Ressourcen und F\u00e4higkeiten werden auf dieser Ebene erkannt und in Ihr allt\u00e4gliches Leben integriert. So ist es auch m\u00f6glich Ziele und Visionen in kurzer Zeit zu erreichen.<\/span><\/p>\n<p>[\/et_pb_text][\/et_pb_column][\/et_pb_row][\/et_pb_section]<\/p>\n","protected":false},"excerpt":{"rendered":"<p>[et_pb_section fb_built=&#8220;1&#8243; admin_label=&#8220;section&#8220; _builder_version=&#8220;3.0.47&#8243;][et_pb_row admin_label=&#8220;row&#8220; _builder_version=&#8220;3.0.47&#8243; background_size=&#8220;initial&#8220; background_position=&#8220;top_left&#8220; background_repeat=&#8220;repeat&#8220;][et_pb_column type=&#8220;4_4&#8243; _builder_version=&#8220;3.0.47&#8243; parallax=&#8220;off&#8220; parallax_method=&#8220;on&#8220;][et_pb_text admin_label=&#8220;Text&#8220; _builder_version=&#8220;3.0.47&#8243; background_size=&#8220;initial&#8220; background_position=&#8220;top_left&#8220; background_repeat=&#8220;repeat&#8220;] ZEIT F\u00dcR DIE SEELE Beratung &#8211; Therapeutisches Coaching &#8211; Prozessarbeit Hektik und Stress geh\u00f6ren mittlerweile zu unserem Leben, ebenso wie Freude und Gl\u00fcck. Gute und auch schlechte Gef\u00fchle, k\u00f6nnen ein Schl\u00fcssel zum Unbewussten und zur Seele sein. [&hellip;]<\/p>\n","protected":false},"author":1,"featured_media":0,"parent":0,"menu_order":0,"comment_status":"closed","ping_status":"closed","template":"","meta":{"footnotes":""},"class_list":["post-587","page","type-page","status-publish","hentry"],"_links":{"self":[{"href":"https:\/\/www.praxis-kathleen-seibel.de\/index.php?rest_route=\/wp\/v2\/pages\/587","targetHints":{"allow":["GET"]}}],"collection":[{"href":"https:\/\/www.praxis-kathleen-seibel.de\/index.php?rest_route=\/wp\/v2\/pages"}],"about":[{"href":"https:\/\/www.praxis-kathleen-seibel.de\/index.php?rest_route=\/wp\/v2\/types\/page"}],"author":[{"embeddable":true,"href":"https:\/\/www.praxis-kathleen-seibel.de\/index.php?rest_route=\/wp\/v2\/users\/1"}],"replies":[{"embeddable":true,"href":"https:\/\/www.praxis-kathleen-seibel.de\/index.php?rest_route=%2Fwp%2Fv2%2Fcomments&post=587"}],"version-history":[{"count":10,"href":"https:\/\/www.praxis-kathleen-seibel.de\/index.php?rest_route=\/wp\/v2\/pages\/587\/revisions"}],"predecessor-version":[{"id":1223,"href":"https:\/\/www.praxis-kathleen-seibel.de\/index.php?rest_route=\/wp\/v2\/pages\/587\/revisions\/1223"}],"wp:attachment":[{"href":"https:\/\/www.praxis-kathleen-seibel.de\/index.php?rest_route=%2Fwp%2Fv2%2Fmedia&parent=587"}],"curies":[{"name":"wp","href":"https:\/\/api.w.org\/{rel}","templated":true}]}}