{"id":736,"date":"2019-03-15T23:34:02","date_gmt":"2019-03-15T23:34:02","guid":{"rendered":"http:\/\/www.praxis-kathleen-seibel.de\/?page_id=736"},"modified":"2020-04-26T16:59:45","modified_gmt":"2020-04-26T16:59:45","slug":"hyaluron-pen-2","status":"publish","type":"page","link":"https:\/\/www.praxis-kathleen-seibel.de\/?page_id=736","title":{"rendered":"Hyaluron Pen"},"content":{"rendered":"<p>[et_pb_section fb_built=&#8220;1&#8243; admin_label=&#8220;section&#8220; _builder_version=&#8220;3.0.47&#8243;][et_pb_row _builder_version=&#8220;3.0.89&#8243;][et_pb_column type=&#8220;4_4&#8243; _builder_version=&#8220;3.0.89&#8243; parallax=&#8220;off&#8220; parallax_method=&#8220;on&#8220;][et_pb_text _builder_version=&#8220;3.0.89&#8243;]<\/p>\n<h4>MEDICAL BEAUTY<\/h4>\n<p><span style=\"font-size: xx-large;\">Hyaluron Pen: Lippenvolumen und Faltenaufpolsterung<\/span><\/p>\n<p><span style=\"font-size: large; color: #666666;\"><strong>Nadellos und schmerzfrei<\/strong><\/span><br \/>\n<span style=\"font-size: large; color: #666666;\">Mit 800 km\/h wird bei einer Hyaluron Pen Behandlung das Hyaluron in die Haut eingeschleust \u2013 ohne<\/span><br \/>\n<span style=\"font-size: large; color: #666666;\">Schmerzen und ohne Nadel. Die Lippen k\u00f6nnen zielgenau geformt werden.<\/span> <span style=\"font-size: large; color: #666666;\">Mit dem Hyaluron Pen k\u00f6nnen auch tiefere Falten aufgepolstert werden.<\/span><\/p>\n<ul>\n<li><span style=\"font-size: large; color: #666666;\">Gezielter Lippenaufbau<\/span><\/li>\n<li><span style=\"font-size: large; color: #666666;\">Aufpolsterung Nasolabialfalte &amp; Zornesfalte<\/span><\/li>\n<li><span style=\"font-size: large; color: #666666;\">Keine Schmerzen<\/span><\/li>\n<li><span style=\"font-size: large; color: #666666;\">Keine Nadel<\/span><\/li>\n<li><span style=\"font-size: large; color: #666666;\">Individuelle Hyaluron-Dosis<\/span><\/li>\n<li><span style=\"font-size: large; color: #666666;\">Sofort sichtbar<\/span><\/li>\n<\/ul>\n<p>[\/et_pb_text][et_pb_gallery gallery_ids=&#8220;323,667&#8243; gallery_captions=&#8220;,&#8220; fullwidth=&#8220;on&#8220; _builder_version=&#8220;3.0.89&#8243; custom_margin=&#8220;100px|||&#8220;][\/et_pb_gallery][\/et_pb_column][\/et_pb_row][et_pb_row _builder_version=&#8220;3.0.89&#8243;][et_pb_column type=&#8220;4_4&#8243; _builder_version=&#8220;3.0.89&#8243; parallax=&#8220;off&#8220; parallax_method=&#8220;on&#8220;][et_pb_text _builder_version=&#8220;3.0.89&#8243;]<\/p>\n<p><span style=\"font-size: large; color: #666666;\"><strong>Hyaluron Pen \u2013 was ist das?<\/strong><\/span><br \/>\n<span style=\"font-size: large; color: #666666;\">Der Hyaluron Pen bringt Dir nahezu alle Effekte, die mit einer Unterspritzung erreicht werden k\u00f6nnen<\/span><br \/>\n<span style=\"font-size: large; color: #666666;\">\u2013 ohne Nadel und schmerzfrei! Er wird vor allem als Lippen-Booster verwendet, kann aber auch<\/span><br \/>\n<span style=\"font-size: large; color: #666666;\">Falten, wie die Nasolabialfalte aufpolstern.<\/span><\/p>\n<p><span style=\"font-size: large; color: #666666;\">Als nat\u00fcrlicher Bestandteil des Bindegewebes vermag Hyaluron Wasser zu binden und dadurch<\/span><br \/>\n<span style=\"font-size: large; color: #666666;\">Volumen herzustellen. Mit zunehmendem Alter wird der Gehalt an Hyalurons\u00e4ure in den Zellen<\/span><br \/>\n<span style=\"font-size: large; color: #666666;\">weniger. Das Gewebe erschlafft und f\u00fchrt zu einem Zuwachs an Hautf\u00e4ltchen und h\u00e4ufig eben auch<\/span><br \/>\n<span style=\"font-size: large; color: #666666;\">zu schmaleren Lippen.<\/span><\/p>\n<p><span style=\"font-size: large; color: #666666;\">Vollere Lippen, ohne diese aufzuspritzen, sind das Resultat einer schonenden Behandlung, bei der<\/span><br \/>\n<span style=\"font-size: large; color: #666666;\">mit hohem Druck der Wirkstoff Hyaluron in die Haut eingebracht wird. Das sogenannte Einschleusen<\/span><br \/>\n<span style=\"font-size: large; color: #666666;\">der Hyalurons\u00e4ure dient der Lippenkorrektur ohne Nebenwirkungen.<\/span> <span style=\"font-size: large; color: #666666;\"><strong>Zur Spritze ist der Hyaluron Pen eine echte Alternative!<\/strong><\/span><\/p>\n<p><span style=\"font-size: large; color: #666666;\"><strong>Schlauchboot Lippen sind hier auch keine Gefahr!<\/strong><\/span> <span style=\"font-size: large; color: #666666;\"><strong>Diese Resultate sind durch die Behandlung m\u00f6glich:<\/strong><\/span><\/p>\n<ul>\n<li><span style=\"font-size: large; color: #666666;\">Volumenaufbau im Bereich von Gesicht und Wangen<\/span><\/li>\n<li><span style=\"font-size: large; color: #666666;\">Verringerung der Falten zwischen Nasenfl\u00fcgel und Mundwinkel<\/span><\/li>\n<li><span style=\"font-size: large; color: #666666;\">Verkleinerung der Kinnfalte<\/span><\/li>\n<li><span style=\"font-size: large; color: #666666;\">Reduzierung der Mundfalten<\/span><\/li>\n<li><span style=\"font-size: large; color: #666666;\">Minderung der seitlichen Lippenfalten<\/span><\/li>\n<li><span style=\"font-size: large; color: #666666;\">Volumenaufbau der Lippen<\/span><\/li>\n<li><span style=\"font-size: large; color: #666666;\">Formkorrektur bei asymmetrischen Lippen<\/span><\/li>\n<\/ul>\n<p>[\/et_pb_text][\/et_pb_column][\/et_pb_row][\/et_pb_section]<\/p>\n","protected":false},"excerpt":{"rendered":"<p>[et_pb_section fb_built=&#8220;1&#8243; admin_label=&#8220;section&#8220; _builder_version=&#8220;3.0.47&#8243;][et_pb_row _builder_version=&#8220;3.0.89&#8243;][et_pb_column type=&#8220;4_4&#8243; _builder_version=&#8220;3.0.89&#8243; parallax=&#8220;off&#8220; parallax_method=&#8220;on&#8220;][et_pb_text _builder_version=&#8220;3.0.89&#8243;] MEDICAL BEAUTY Hyaluron Pen: Lippenvolumen und Faltenaufpolsterung Nadellos und schmerzfrei Mit 800 km\/h wird bei einer Hyaluron Pen Behandlung das Hyaluron in die Haut eingeschleust \u2013 ohne Schmerzen und ohne Nadel. Die Lippen k\u00f6nnen zielgenau geformt werden. Mit dem Hyaluron Pen k\u00f6nnen auch tiefere Falten [&hellip;]<\/p>\n","protected":false},"author":1,"featured_media":0,"parent":0,"menu_order":0,"comment_status":"closed","ping_status":"closed","template":"","meta":{"footnotes":""},"class_list":["post-736","page","type-page","status-publish","hentry"],"_links":{"self":[{"href":"https:\/\/www.praxis-kathleen-seibel.de\/index.php?rest_route=\/wp\/v2\/pages\/736","targetHints":{"allow":["GET"]}}],"collection":[{"href":"https:\/\/www.praxis-kathleen-seibel.de\/index.php?rest_route=\/wp\/v2\/pages"}],"about":[{"href":"https:\/\/www.praxis-kathleen-seibel.de\/index.php?rest_route=\/wp\/v2\/types\/page"}],"author":[{"embeddable":true,"href":"https:\/\/www.praxis-kathleen-seibel.de\/index.php?rest_route=\/wp\/v2\/users\/1"}],"replies":[{"embeddable":true,"href":"https:\/\/www.praxis-kathleen-seibel.de\/index.php?rest_route=%2Fwp%2Fv2%2Fcomments&post=736"}],"version-history":[{"count":11,"href":"https:\/\/www.praxis-kathleen-seibel.de\/index.php?rest_route=\/wp\/v2\/pages\/736\/revisions"}],"predecessor-version":[{"id":1221,"href":"https:\/\/www.praxis-kathleen-seibel.de\/index.php?rest_route=\/wp\/v2\/pages\/736\/revisions\/1221"}],"wp:attachment":[{"href":"https:\/\/www.praxis-kathleen-seibel.de\/index.php?rest_route=%2Fwp%2Fv2%2Fmedia&parent=736"}],"curies":[{"name":"wp","href":"https:\/\/api.w.org\/{rel}","templated":true}]}}