{"id":738,"date":"2019-03-15T23:34:27","date_gmt":"2019-03-15T23:34:27","guid":{"rendered":"http:\/\/www.praxis-kathleen-seibel.de\/?page_id=738"},"modified":"2019-07-22T20:06:11","modified_gmt":"2019-07-22T20:06:11","slug":"holografisches-imaginieren","status":"publish","type":"page","link":"https:\/\/www.praxis-kathleen-seibel.de\/?page_id=738","title":{"rendered":"Holografisches Imaginieren"},"content":{"rendered":"<p>[et_pb_section fb_built=&#8220;1&#8243; admin_label=&#8220;section&#8220; _builder_version=&#8220;3.0.47&#8243;][et_pb_row custom_padding=&#8220;27px|0px|27px|0px&#8220; _builder_version=&#8220;3.0.89&#8243;][et_pb_column type=&#8220;4_4&#8243; _builder_version=&#8220;3.0.89&#8243; parallax=&#8220;off&#8220; parallax_method=&#8220;on&#8220;][et_pb_text _builder_version=&#8220;3.0.89&#8243;]<\/p>\n<h4>ZEIT F\u00dcR DIE SEELE<\/h4>\n<p><span style=\"font-size: xx-large;\">Holographisch Imaginieren<\/span><\/p>\n<p><span style=\"color: #666666;\">\u00a0<\/span><\/p>\n<p><span style=\"font-size: large; color: #666666;\"><strong>Holodynamics<\/strong><\/span><\/p>\n<p><span style=\"font-size: large; color: #666666;\">Das Leben ist voller <strong>Potenzial. <\/strong>Nur wir selbst k\u00f6nnen dieses Potenzial entfalten.<\/span> <span style=\"font-size: large; color: #666666;\">So wie eine <strong>Knospe<\/strong> ihre <strong>Bl\u00fcte<\/strong> erwartet, so erwarten wir die Entfaltung unseres Potenzials. Der erste Schritt zur Entfaltung des eigenen Potenzials ist, herauszufinden, wahrzunehmen <\/span><span style=\"font-size: large; color: #666666;\">und anzuerkennen was wir wirklich wollen.<\/span><\/p>\n<p>\u00a0<span style=\"font-size: large; color: #666666;\">\u201eEs geht im Leben grunds\u00e4tzlich darum unsere <strong>Seele<\/strong> zu <strong>entfalten<\/strong>, uns mehr <strong>leuchten<\/strong> zu <\/span><span style=\"font-size: large; color: #666666;\">lassen, und dabei die geheimen Gesetzm\u00e4\u00dfigkeiten des Universums zu verstehen, um den <\/span><span style=\"font-size: large; color: #666666;\">Sinn unseres Lebens zu erkennen. Unsere <strong>W\u00fcnsche<\/strong> sind unsere sprichw\u00f6rtlichen Karotten, die uns immer weiter auf dem Weg <\/span><span style=\"font-size: large; color: #666666;\">des Lebens helfen uns zu entfalten. Es k\u00f6nnen materielle W\u00fcnsche sein, Visionen, oder <\/span><span style=\"font-size: large; color: #666666;\">innerliche Werte, die wir manifestieren wollen. Sie sind wie die <strong>Sprossen<\/strong> <strong>auf<\/strong> <strong>der Leiter<\/strong> des <\/span><span style=\"font-size: large; color: #666666;\">Lebens, die uns in unserer Entfaltung aufsteigen lassen. Auf dem Weg die Manifestationskraft zu meistern, erwachen wir automatisch auf immer <\/span><span style=\"font-size: large; color: #666666;\">h\u00f6heren Bewu\u00dftseinsebenen.\u201c<span style=\"font-size: medium;\"><em> Ilona Selke<\/em><\/span><\/span><\/p>\n<p><span style=\"font-size: large; color: #666666;\"><span style=\"font-size: medium;\"><em><\/em><\/span><\/span><\/p>\n<p><span style=\"font-size: large; color: #666666;\">&#8222;Aktzeptieren wir die holographische Natur des Universums und wie das menschliche <\/span><span style=\"font-size: large; color: #666666;\">Bewusstsein mit der dreidimensionalen Welt bewusst interagieren kann.&#8220; <span style=\"font-size: medium;\"><em>Erfinder der Holodynamik ist Dr. V. Vernon Woolf<\/em><\/span><\/span><\/p>\n<p>&nbsp;<\/p>\n<p><span style=\"font-size: large; color: #666666;\">Holodynamics ist ein integrierter Ansatz der Akademie der Naturwissenschaften Russlands <\/span><span style=\"font-size: large; color: #666666;\">der 80er Jahre, der wissenschaftliche, philosophische, religi\u00f6se, p\u00e4dagogische und soziale <\/span><span style=\"font-size: large; color: #666666;\">Disziplinen umfasste. Von V. Woolf (USA) und L.P. Chochlowa (Russland) wurde insbesondere <\/span><span style=\"font-size: large; color: #666666;\">die mentale Arbeit bei Coaching und Psychotherapie weiterentwickelt und verbreitet.<\/span><\/p>\n<p><span style=\"font-size: large; color: #666666;\"><\/span><\/p>\n<p><strong><span style=\"font-size: large; color: #666666;\">Was ist die Holodynamik und die Verfolgung von Holodynes und wie kann sie zu <\/span><span style=\"font-size: large; color: #666666;\">Ver\u00e4nderungen in ihrem Leben beitragen?<\/span><\/strong><\/p>\n<p><span style=\"font-size: large; color: #666666;\">Die Holodynamik betrachtet die Wirklichkeit als ein lebendiges Informationssystem, dessen <\/span><span style=\"font-size: large; color: #666666;\">Struktur von Mikro bis Makro eng mit dem menschlichen Bewusstsein verbunden ist. Das <\/span><span style=\"font-size: large; color: #666666;\">Bewusstsein gilt als urspr\u00fcnglicher Zustand des dynamischen Universums. Es ist nicht auf ein <\/span><span style=\"font-size: large; color: #666666;\">einziges Raum-Zeit-Kontinuum beschr\u00e4nkt, sondern aus parallelen Dimensionen in ein <\/span><span style=\"font-size: large; color: #666666;\">koh\u00e4rentes Potenzial f\u00fcr jeden einzelnen (h\u00f6chstes ICH BIN Potenzial). Dieses pers\u00f6nliche <\/span><span style=\"font-size: large; color: #666666;\">Potential manifestiert sich als Quantenpotentialfeld innerhalb der Mikrotubuli jeder lebenden <\/span><span style=\"font-size: large; color: #666666;\">Zelle des menschlichen K\u00f6rpers und unterliegt allen k\u00f6rperlichen Funktionen einschlie\u00dflich <\/span><span style=\"font-size: large; color: #666666;\">geistiger und sozialer Funktionen.<\/span><\/p>\n<p><span style=\"font-size: large; color: #666666;\">Ein Verst\u00e4ndnis von Holodyns und die Beziehungen, wie sie in Ihren allt\u00e4glichen Handlungen <\/span><span style=\"font-size: large; color: #666666;\">und Gedanken spielen, sind notwendig, wenn Sie Ihr Leben JETZT verwandeln m\u00f6chten:<\/span><\/p>\n<p><span style=\"font-size: large; color: #666666;\"><strong>Erfahren Sie, wie Sie Probleme in L\u00f6sungen umsetzen k\u00f6nnen.<\/strong><\/span><\/p>\n<p><span style=\"font-size: large; color: #666666;\">Verstehen Sie, dass jede noch so unerw\u00fcnschte Erfahrung in Ihrem Leben eine perfekt <\/span><span style=\"font-size: large; color: #666666;\">zeitgesteuerte Einladung ist, ihr Potenzial zu entfalten.<\/span><\/p>\n<p><span style=\"font-size: large; color: #666666;\">In seinem Buch \u201eTheorien der Chakren\u201c berichtete Dr. Hiroshi Motoyama \u00fcber die <\/span><span style=\"font-size: large; color: #666666;\">Entdeckung von Photonen, die aus dem <strong>Herzchakra einer erfahrenen Meditierenden <\/strong><\/span><span style=\"font-size: large; color: #666666;\">ausgesandt wurden, als sie liebevolle Energie mit Absicht projizierte. Obwohl die<\/span><br \/><span style=\"font-size: large; color: #666666;\">Forschung noch nicht abschlie\u00dfend ist, k\u00f6nnte man folgerichtig spekulieren, dass <\/span><span style=\"font-size: large; color: #666666;\">Photonen auf viele der mentalen und emotionalen Zust\u00e4nde reagieren, insbesondere auf <\/span><span style=\"font-size: large; color: #666666;\">die Liebe. Wie wunderbar!<\/span><\/p>\n<p>&nbsp;<\/p>\n<p><span style=\"font-size: large; color: #666666;\"><strong>DIE KRAFT DER LIEBE<\/strong><\/span><\/p>\n<p><span style=\"font-size: large; color: #666666;\">\u201eBedingungslose Liebe ist die am leichtesten \u00fcbertragbare aller universellen Energien. Jede <\/span><span style=\"font-size: large; color: #666666;\">Information oder jedes Energiemuster, jeder Gedanke oder jedes Gef\u00fchl, das mit liebevoller <\/span><span style=\"font-size: large; color: #666666;\">Energie vermittelt oder verbunden wird, hat eine gr\u00f6\u00dfere Wirkung als jede andere <\/span><span style=\"font-size: large; color: #666666;\">\u00dcbertragung subtiler Energie. Seine mehrdimensionale Durchdringung und seine F\u00e4higkeit, <\/span><span style=\"font-size: large; color: #666666;\">als universelles Informationsmittel zu dienen, macht die Liebe zur m\u00e4chtigsten aller <\/span><span style=\"font-size: large; color: #666666;\">heilenden Energien.<\/span> <span style=\"font-size: large; color: #666666;\">Durch die bewusste Wahrnehmung der Beziehung, die mit bedingungsloser Liebe einhergeht, <\/span><span style=\"font-size: large; color: #666666;\">verschwindet das Gef\u00fchl der Trennung. Ohne Trennung l\u00f6sen sich Zeit und Raum auf, denn <\/span><span style=\"font-size: large; color: #666666;\">sie sind einfach Trennungsma\u00dfnahmen, die wir dem Universum strukturiert und auferlegt <\/span><span style=\"font-size: large; color: #666666;\">haben. Ebenso gibt es ohne Trennung keinen Energieverlust, keine Entropie. Die Suspension <\/span><span style=\"font-size: large; color: #666666;\">von Zeit und Raum l\u00e4sst die nat\u00fcrliche Ordnung und Harmonie der subatomaren Teilchen, <\/span><span style=\"font-size: large; color: #666666;\">Atome, Molek\u00fcle, Zellen und Gewebe entstehen. So ist bedingungslose liebevolle Energie die <\/span><span style=\"font-size: large; color: #666666;\">st\u00e4rkste Kraft im Kosmos.\u201c <span style=\"font-size: medium;\"><em>Dr. Leonard Laskow Holoenergetic<\/em><\/span><\/span><\/p>\n<p>[\/et_pb_text][et_pb_image src=&#8220;https:\/\/www.praxis-kathleen-seibel.de\/wp-content\/uploads\/2018\/03\/hypno_slider1.jpg&#8220; _builder_version=&#8220;3.0.89&#8243; custom_margin=&#8220;100px|||&#8220;][\/et_pb_image][\/et_pb_column][\/et_pb_row][\/et_pb_section]<\/p>\n","protected":false},"excerpt":{"rendered":"<p>[et_pb_section fb_built=&#8220;1&#8243; admin_label=&#8220;section&#8220; _builder_version=&#8220;3.0.47&#8243;][et_pb_row custom_padding=&#8220;27px|0px|27px|0px&#8220; _builder_version=&#8220;3.0.89&#8243;][et_pb_column type=&#8220;4_4&#8243; _builder_version=&#8220;3.0.89&#8243; parallax=&#8220;off&#8220; parallax_method=&#8220;on&#8220;][et_pb_text _builder_version=&#8220;3.0.89&#8243;] ZEIT F\u00dcR DIE SEELE Holographisch Imaginieren \u00a0 Holodynamics Das Leben ist voller Potenzial. Nur wir selbst k\u00f6nnen dieses Potenzial entfalten. So wie eine Knospe ihre Bl\u00fcte erwartet, so erwarten wir die Entfaltung unseres Potenzials. Der erste Schritt zur Entfaltung des eigenen Potenzials ist, herauszufinden, [&hellip;]<\/p>\n","protected":false},"author":1,"featured_media":0,"parent":0,"menu_order":0,"comment_status":"closed","ping_status":"closed","template":"","meta":{"footnotes":""},"class_list":["post-738","page","type-page","status-publish","hentry"],"_links":{"self":[{"href":"https:\/\/www.praxis-kathleen-seibel.de\/index.php?rest_route=\/wp\/v2\/pages\/738","targetHints":{"allow":["GET"]}}],"collection":[{"href":"https:\/\/www.praxis-kathleen-seibel.de\/index.php?rest_route=\/wp\/v2\/pages"}],"about":[{"href":"https:\/\/www.praxis-kathleen-seibel.de\/index.php?rest_route=\/wp\/v2\/types\/page"}],"author":[{"embeddable":true,"href":"https:\/\/www.praxis-kathleen-seibel.de\/index.php?rest_route=\/wp\/v2\/users\/1"}],"replies":[{"embeddable":true,"href":"https:\/\/www.praxis-kathleen-seibel.de\/index.php?rest_route=%2Fwp%2Fv2%2Fcomments&post=738"}],"version-history":[{"count":6,"href":"https:\/\/www.praxis-kathleen-seibel.de\/index.php?rest_route=\/wp\/v2\/pages\/738\/revisions"}],"predecessor-version":[{"id":1085,"href":"https:\/\/www.praxis-kathleen-seibel.de\/index.php?rest_route=\/wp\/v2\/pages\/738\/revisions\/1085"}],"wp:attachment":[{"href":"https:\/\/www.praxis-kathleen-seibel.de\/index.php?rest_route=%2Fwp%2Fv2%2Fmedia&parent=738"}],"curies":[{"name":"wp","href":"https:\/\/api.w.org\/{rel}","templated":true}]}}